{"id":18,"date":"2019-01-16T21:46:59","date_gmt":"2019-01-16T20:46:59","guid":{"rendered":"http:\/\/setabapaume.fr\/?page_id=18"},"modified":"2025-02-07T08:47:23","modified_gmt":"2025-02-07T07:47:23","slug":"qui-sommes-nous","status":"publish","type":"page","link":"https:\/\/setabapaume.fr\/?page_id=18","title":{"rendered":"Le SETAB"},"content":{"rendered":"<p>Association loi 1901 cr\u00e9\u00e9e et g\u00e9r\u00e9e par des exploitants agricoles, le <strong>Syndicat d\u2019 Etudes Techniques Agricoles de Bapaume ( SETAB )<\/strong> regroupe 90 adh\u00e9rents et 16 000 hectares rayonnant sur les secteurs de Bapaume, Aubigny-en-Artois et Pas-en-Artois en polyculture-\u00e9levage .<\/p>\n<p>Le SETAB a pour but l\u2019\u00e9tude de tous les probl\u00e8mes int\u00e9ressant l\u2019agriculture ainsi que la diffusion des m\u00e9thodes et enseignements permettant de trouver des solutions.<\/p>\n<p>Pour atteindre ces objectifs, le SETAB se donne les moyens d\u2019action suivants\u00a0:<\/p>\n<ul>\n<li>Conseil technique de l\u2019ing\u00e9nieur du SETAB pour assurer un suivi r\u00e9gulier et donner un conseil ind\u00e9pendant aux adh\u00e9rents afin d&rsquo;optimiser leurs interventions et gagner en efficience \u00e9conomique.<\/li>\n<li>R\u00e9daction et publication d\u2019un bulletin technique hebdomadaire<\/li>\n<li>Essais r\u00e9alis\u00e9s par l\u2019ing\u00e9nieur<\/li>\n<li>Organisation de r\u00e9unions et formations techniques , technico-\u00e9conomiques et sociales tout au long de l\u2019ann\u00e9e<\/li>\n<li>Veille r\u00e9glementaire et technologique<\/li>\n<\/ul>\n<p>Les recettes du SETAB s\u2019appuient sur\u00a0:<\/p>\n<ul>\n<li>\n<p align=\"justify\">Cotisations des membres agriculteurs et institutions agricoles<\/p>\n<\/li>\n<li>\n<p align=\"justify\">Subvention de la chambre d\u2019agriculture du Pas de Calais<\/p>\n<\/li>\n<\/ul>\n","protected":false},"excerpt":{"rendered":"<p>Association loi 1901 cr\u00e9\u00e9e et g\u00e9r\u00e9e par des exploitants agricoles, le Syndicat d\u2019 Etudes Techniques Agricoles de Bapaume ( SETAB [&hellip;]<\/p>\n","protected":false},"author":1,"featured_media":0,"parent":0,"menu_order":0,"comment_status":"closed","ping_status":"closed","template":"","meta":{"footnotes":""},"_links":{"self":[{"href":"https:\/\/setabapaume.fr\/index.php?rest_route=\/wp\/v2\/pages\/18"}],"collection":[{"href":"https:\/\/setabapaume.fr\/index.php?rest_route=\/wp\/v2\/pages"}],"about":[{"href":"https:\/\/setabapaume.fr\/index.php?rest_route=\/wp\/v2\/types\/page"}],"author":[{"embeddable":true,"href":"https:\/\/setabapaume.fr\/index.php?rest_route=\/wp\/v2\/users\/1"}],"replies":[{"embeddable":true,"href":"https:\/\/setabapaume.fr\/index.php?rest_route=%2Fwp%2Fv2%2Fcomments&post=18"}],"version-history":[{"count":9,"href":"https:\/\/setabapaume.fr\/index.php?rest_route=\/wp\/v2\/pages\/18\/revisions"}],"predecessor-version":[{"id":1759,"href":"https:\/\/setabapaume.fr\/index.php?rest_route=\/wp\/v2\/pages\/18\/revisions\/1759"}],"wp:attachment":[{"href":"https:\/\/setabapaume.fr\/index.php?rest_route=%2Fwp%2Fv2%2Fmedia&parent=18"}],"curies":[{"name":"wp","href":"https:\/\/api.w.org\/{rel}","templated":true}]}}