{"id":45,"date":"2019-01-17T21:36:11","date_gmt":"2019-01-17T20:36:11","guid":{"rendered":"http:\/\/setabapaume.fr\/?page_id=45"},"modified":"2025-02-01T15:02:03","modified_gmt":"2025-02-01T14:02:03","slug":"les-membres-du-conseil","status":"publish","type":"page","link":"https:\/\/setabapaume.fr\/?page_id=45","title":{"rendered":"Les membres du conseil"},"content":{"rendered":"<p>Le conseil d&rsquo;administration du Setab est constitu\u00e9 de :<\/p>\n<table style=\"height: 531px;\" width=\"757\" cellspacing=\"0\" cellpadding=\"5\">\n<colgroup>\n<col width=\"181\" \/>\n<col width=\"182\" \/>\n<col width=\"182\" \/>\n<col width=\"181\" \/> <\/colgroup>\n<tbody>\n<tr valign=\"top\">\n<td style=\"background: #e2e1d7;\" bgcolor=\"#e2e1d7\" width=\"181\" height=\"28\">Hubert<\/td>\n<td style=\"background: #e2e1d7;\" bgcolor=\"#e2e1d7\" width=\"182\">DARRAS<\/td>\n<td style=\"background: #e2e1d7;\" bgcolor=\"#e2e1d7\" width=\"182\"><\/td>\n<td style=\"background: #e2e1d7;\" bgcolor=\"#e2e1d7\" width=\"181\">Vice-Pr\u00e9sident et secr\u00e9taire<\/td>\n<\/tr>\n<tr valign=\"top\">\n<td style=\"background: #f1f0ec;\" bgcolor=\"#f1f0ec\" width=\"181\" height=\"29\">Pierre<\/td>\n<td style=\"background: #f1f0ec;\" bgcolor=\"#f1f0ec\" width=\"182\">LECLERCQ<\/td>\n<td style=\"background: #f1f0ec;\" bgcolor=\"#f1f0ec\" width=\"182\"><\/td>\n<td style=\"background: #f1f0ec;\" bgcolor=\"#f1f0ec\" width=\"181\"><\/td>\n<\/tr>\n<tr valign=\"top\">\n<td style=\"background: #e2e1d7;\" bgcolor=\"#e2e1d7\" width=\"181\" height=\"29\">Olivier<\/td>\n<td style=\"background: #e2e1d7;\" bgcolor=\"#e2e1d7\" width=\"182\">LORIDAN<\/td>\n<td style=\"background: #e2e1d7;\" bgcolor=\"#e2e1d7\" width=\"182\"><\/td>\n<td style=\"background: #e2e1d7;\" bgcolor=\"#e2e1d7\" width=\"181\">Pr\u00e9sident<\/td>\n<\/tr>\n<tr valign=\"top\">\n<td style=\"background: #f1f0ec;\" bgcolor=\"#f1f0ec\" width=\"181\" height=\"29\">Damien<\/td>\n<td style=\"background: #f1f0ec;\" bgcolor=\"#f1f0ec\" width=\"182\">BEGHIN<\/td>\n<td style=\"background: #f1f0ec;\" bgcolor=\"#f1f0ec\" width=\"182\"><\/td>\n<td style=\"background: #f1f0ec;\" bgcolor=\"#f1f0ec\" width=\"181\">Tr\u00e9sorier<\/td>\n<\/tr>\n<tr valign=\"top\">\n<td style=\"background: #e2e1d7;\" bgcolor=\"#e2e1d7\" width=\"181\" height=\"29\">Augustin<\/td>\n<td style=\"background: #e2e1d7;\" bgcolor=\"#e2e1d7\" width=\"182\">SAUVAGE<\/td>\n<td style=\"background: #e2e1d7;\" bgcolor=\"#e2e1d7\" width=\"182\"><\/td>\n<td style=\"background: #e2e1d7;\" bgcolor=\"#e2e1d7\" width=\"181\"><\/td>\n<\/tr>\n<tr valign=\"top\">\n<td style=\"background: #f1f0ec;\" bgcolor=\"#f1f0ec\" width=\"181\" height=\"29\">Alain<\/td>\n<td style=\"background: #f1f0ec;\" bgcolor=\"#f1f0ec\" width=\"182\">TRAISNEL<\/td>\n<td style=\"background: #f1f0ec;\" bgcolor=\"#f1f0ec\" width=\"182\"><\/td>\n<td style=\"background: #f1f0ec;\" bgcolor=\"#f1f0ec\" width=\"181\"><\/td>\n<\/tr>\n<tr valign=\"top\">\n<td style=\"background: #e2e1d7;\" bgcolor=\"#e2e1d7\" width=\"181\" height=\"29\">Georges<\/td>\n<td style=\"background: #e2e1d7;\" bgcolor=\"#e2e1d7\" width=\"182\">LAIGLE<\/td>\n<td style=\"background: #e2e1d7;\" bgcolor=\"#e2e1d7\" width=\"182\"><\/td>\n<td style=\"background: #e2e1d7;\" bgcolor=\"#e2e1d7\" width=\"181\"><\/td>\n<\/tr>\n<tr valign=\"top\">\n<td style=\"background: #f1f0ec;\" bgcolor=\"#f1f0ec\" width=\"181\" height=\"29\">Cyril<\/td>\n<td style=\"background: #f1f0ec;\" bgcolor=\"#f1f0ec\" width=\"182\">AMMEUX<\/td>\n<td style=\"background: #f1f0ec;\" bgcolor=\"#f1f0ec\" width=\"182\"><\/td>\n<td style=\"background: #f1f0ec;\" bgcolor=\"#f1f0ec\" width=\"181\"><\/td>\n<\/tr>\n<tr valign=\"top\">\n<td style=\"background: #e2e1d7;\" bgcolor=\"#e2e1d7\" width=\"181\" height=\"29\">David<\/td>\n<td style=\"background: #e2e1d7;\" bgcolor=\"#e2e1d7\" width=\"182\">HAUCHART<\/td>\n<td style=\"background: #e2e1d7;\" bgcolor=\"#e2e1d7\" width=\"182\"><\/td>\n<td style=\"background: #e2e1d7;\" bgcolor=\"#e2e1d7\" width=\"181\">Vice-Pr\u00e9sident<\/td>\n<\/tr>\n<tr valign=\"top\">\n<td style=\"background: #f1f0ec;\" bgcolor=\"#f1f0ec\" width=\"181\" height=\"29\">Fran\u00e7ois<\/td>\n<td style=\"background: #f1f0ec;\" bgcolor=\"#f1f0ec\" width=\"182\">CHATELAIN<\/td>\n<td style=\"background: #f1f0ec;\" bgcolor=\"#f1f0ec\" width=\"182\"><\/td>\n<td style=\"background: #f1f0ec;\" bgcolor=\"#f1f0ec\" width=\"181\"><\/td>\n<\/tr>\n<tr valign=\"top\">\n<td style=\"background: #e2e1d7;\" bgcolor=\"#e2e1d7\" width=\"181\" height=\"29\">Nicolas<\/td>\n<td style=\"background: #e2e1d7;\" bgcolor=\"#e2e1d7\" width=\"182\">BOISLEUX<\/td>\n<td style=\"background: #e2e1d7;\" bgcolor=\"#e2e1d7\" width=\"182\"><\/td>\n<td style=\"background: #e2e1d7;\" bgcolor=\"#e2e1d7\" width=\"181\"><\/td>\n<\/tr>\n<tr valign=\"top\">\n<td style=\"background: #f1f0ec;\" bgcolor=\"#f1f0ec\" width=\"181\" height=\"29\"><\/td>\n<td style=\"background: #f1f0ec;\" bgcolor=\"#f1f0ec\" width=\"182\"><\/td>\n<td style=\"background: #f1f0ec;\" bgcolor=\"#f1f0ec\" width=\"182\"><\/td>\n<td style=\"background: #f1f0ec;\" bgcolor=\"#f1f0ec\" width=\"181\"><\/td>\n<\/tr>\n<\/tbody>\n<\/table>\n","protected":false},"excerpt":{"rendered":"<p>Le conseil d&rsquo;administration du Setab est constitu\u00e9 de : Hubert DARRAS Vice-Pr\u00e9sident et secr\u00e9taire Pierre LECLERCQ Olivier LORIDAN Pr\u00e9sident Damien [&hellip;]<\/p>\n","protected":false},"author":1,"featured_media":0,"parent":18,"menu_order":0,"comment_status":"closed","ping_status":"closed","template":"","meta":{"footnotes":""},"_links":{"self":[{"href":"https:\/\/setabapaume.fr\/index.php?rest_route=\/wp\/v2\/pages\/45"}],"collection":[{"href":"https:\/\/setabapaume.fr\/index.php?rest_route=\/wp\/v2\/pages"}],"about":[{"href":"https:\/\/setabapaume.fr\/index.php?rest_route=\/wp\/v2\/types\/page"}],"author":[{"embeddable":true,"href":"https:\/\/setabapaume.fr\/index.php?rest_route=\/wp\/v2\/users\/1"}],"replies":[{"embeddable":true,"href":"https:\/\/setabapaume.fr\/index.php?rest_route=%2Fwp%2Fv2%2Fcomments&post=45"}],"version-history":[{"count":10,"href":"https:\/\/setabapaume.fr\/index.php?rest_route=\/wp\/v2\/pages\/45\/revisions"}],"predecessor-version":[{"id":1469,"href":"https:\/\/setabapaume.fr\/index.php?rest_route=\/wp\/v2\/pages\/45\/revisions\/1469"}],"up":[{"embeddable":true,"href":"https:\/\/setabapaume.fr\/index.php?rest_route=\/wp\/v2\/pages\/18"}],"wp:attachment":[{"href":"https:\/\/setabapaume.fr\/index.php?rest_route=%2Fwp%2Fv2%2Fmedia&parent=45"}],"curies":[{"name":"wp","href":"https:\/\/api.w.org\/{rel}","templated":true}]}}